{"id":181,"date":"2019-12-13T08:53:42","date_gmt":"2019-12-13T08:53:42","guid":{"rendered":"https:\/\/demo.cocobasic.com\/ukko-wp\/?page_id=181"},"modified":"2021-09-21T14:44:36","modified_gmt":"2021-09-21T12:44:36","slug":"onepage","status":"publish","type":"page","link":"https:\/\/poradnictwoiterapia.pl\/","title":{"rendered":"OnePage"},"content":{"rendered":"\t\t<div data-elementor-type=\"wp-page\" data-elementor-id=\"181\" class=\"elementor elementor-181\" data-elementor-settings=\"[]\">\n\t\t\t\t\t\t\t<div class=\"elementor-section-wrap\">\n\t\t\t\t\t\t\t<section class=\"elementor-section elementor-top-section elementor-element elementor-element-3cda06bf op-section elementor-section-boxed elementor-section-height-default elementor-section-height-default\" data-id=\"3cda06bf\" data-element_type=\"section\" id=\"home\" data-settings=\"{&quot;background_background&quot;:&quot;classic&quot;}\">\n\t\t\t\t\t\t<div class=\"elementor-container elementor-column-gap-no\">\n\t\t\t\t\t<div class=\"elementor-column elementor-col-33 elementor-top-column elementor-element elementor-element-589a8709 elementor-hidden-phone\" data-id=\"589a8709\" data-element_type=\"column\">\n\t\t\t<div class=\"elementor-widget-wrap elementor-element-populated\">\n\t\t\t\t\t\t\t\t<div class=\"elementor-element elementor-element-59838137 elementor-widget elementor-widget-image\" data-id=\"59838137\" data-element_type=\"widget\" data-widget_type=\"image.default\">\n\t\t\t\t<div class=\"elementor-widget-container\">\n\t\t\t\t\t\t\t\t\t\t\t\t\t\t\t<img loading=\"lazy\" decoding=\"async\" width=\"390\" height=\"780\" src=\"https:\/\/poradnictwoiterapia.pl\/wp-content\/uploads\/2021\/08\/ER_main.jpg\" class=\"attachment-full size-full\" alt=\"\" srcset=\"https:\/\/poradnictwoiterapia.pl\/wp-content\/uploads\/2021\/08\/ER_main.jpg 390w, https:\/\/poradnictwoiterapia.pl\/wp-content\/uploads\/2021\/08\/ER_main-150x300.jpg 150w\" sizes=\"auto, (max-width: 390px) 100vw, 390px\" \/>\t\t\t\t\t\t\t\t\t\t\t\t\t\t\t<\/div>\n\t\t\t\t<\/div>\n\t\t\t\t\t<\/div>\n\t\t<\/div>\n\t\t\t\t<div class=\"elementor-column elementor-col-66 elementor-top-column elementor-element elementor-element-a8c012a\" data-id=\"a8c012a\" data-element_type=\"column\" data-settings=\"{&quot;background_background&quot;:&quot;classic&quot;}\">\n\t\t\t<div class=\"elementor-widget-wrap elementor-element-populated\">\n\t\t\t\t\t\t\t\t<div class=\"elementor-element elementor-element-ce6fe0d elementor-hidden-desktop elementor-hidden-tablet elementor-widget elementor-widget-image\" data-id=\"ce6fe0d\" data-element_type=\"widget\" data-widget_type=\"image.default\">\n\t\t\t\t<div class=\"elementor-widget-container\">\n\t\t\t\t\t\t\t\t\t\t\t\t\t\t\t<img loading=\"lazy\" decoding=\"async\" width=\"390\" height=\"390\" src=\"https:\/\/poradnictwoiterapia.pl\/wp-content\/uploads\/2021\/08\/ER_main_m.jpg\" class=\"attachment-full size-full\" alt=\"\" srcset=\"https:\/\/poradnictwoiterapia.pl\/wp-content\/uploads\/2021\/08\/ER_main_m.jpg 390w, https:\/\/poradnictwoiterapia.pl\/wp-content\/uploads\/2021\/08\/ER_main_m-300x300.jpg 300w, https:\/\/poradnictwoiterapia.pl\/wp-content\/uploads\/2021\/08\/ER_main_m-150x150.jpg 150w\" sizes=\"auto, (max-width: 390px) 100vw, 390px\" \/>\t\t\t\t\t\t\t\t\t\t\t\t\t\t\t<\/div>\n\t\t\t\t<\/div>\n\t\t\t\t<div class=\"elementor-element elementor-element-0ba237b elementor-widget elementor-widget-image\" data-id=\"0ba237b\" data-element_type=\"widget\" data-widget_type=\"image.default\">\n\t\t\t\t<div class=\"elementor-widget-container\">\n\t\t\t\t\t\t\t\t\t\t\t\t\t\t\t<img loading=\"lazy\" decoding=\"async\" width=\"800\" height=\"846\" src=\"https:\/\/poradnictwoiterapia.pl\/wp-content\/uploads\/2021\/08\/ER_www_logo.png\" class=\"attachment-large size-large\" alt=\"\" srcset=\"https:\/\/poradnictwoiterapia.pl\/wp-content\/uploads\/2021\/08\/ER_www_logo.png 800w, https:\/\/poradnictwoiterapia.pl\/wp-content\/uploads\/2021\/08\/ER_www_logo-284x300.png 284w, https:\/\/poradnictwoiterapia.pl\/wp-content\/uploads\/2021\/08\/ER_www_logo-768x812.png 768w\" sizes=\"auto, (max-width: 800px) 100vw, 800px\" \/>\t\t\t\t\t\t\t\t\t\t\t\t\t\t\t<\/div>\n\t\t\t\t<\/div>\n\t\t\t\t<div class=\"elementor-element elementor-element-d6e5da1 elementor-widget elementor-widget-heading\" data-id=\"d6e5da1\" data-element_type=\"widget\" data-widget_type=\"heading.default\">\n\t\t\t\t<div class=\"elementor-widget-container\">\n\t\t\t<h1 class=\"elementor-heading-title elementor-size-default\">Poradnictwo\ni terapia<\/h1>\t\t<\/div>\n\t\t\t\t<\/div>\n\t\t\t\t<div class=\"elementor-element elementor-element-3f957272 elementor-widget elementor-widget-heading\" data-id=\"3f957272\" data-element_type=\"widget\" data-widget_type=\"heading.default\">\n\t\t\t\t<div class=\"elementor-widget-container\">\n\t\t\t<h1 class=\"elementor-heading-title elementor-size-default\">\nEwa Rojewska<\/h1>\t\t<\/div>\n\t\t\t\t<\/div>\n\t\t\t\t<div class=\"elementor-element elementor-element-ff59c6b elementor-widget elementor-widget-heading\" data-id=\"ff59c6b\" data-element_type=\"widget\" data-widget_type=\"heading.default\">\n\t\t\t\t<div class=\"elementor-widget-container\">\n\t\t\t<h1 class=\"elementor-heading-title elementor-size-default\">terapeuta, pedagog<\/h1>\t\t<\/div>\n\t\t\t\t<\/div>\n\t\t\t\t<div class=\"elementor-element elementor-element-7ac381db elementor-widget__width-initial elementor-widget elementor-widget-text-editor\" data-id=\"7ac381db\" data-element_type=\"widget\" data-widget_type=\"text-editor.default\">\n\t\t\t\t<div class=\"elementor-widget-container\">\n\t\t\t\t\t\t\t\t\t\t\t\t\t<\/div>\n\t\t\t\t<\/div>\n\t\t\t\t<div class=\"elementor-element elementor-element-32f7492 elementor-widget elementor-widget-menu-anchor\" data-id=\"32f7492\" data-element_type=\"widget\" data-widget_type=\"menu-anchor.default\">\n\t\t\t\t<div class=\"elementor-widget-container\">\n\t\t\t\t\t<div id=\"omnie\" class=\"elementor-menu-anchor\"><\/div>\n\t\t\t\t<\/div>\n\t\t\t\t<\/div>\n\t\t\t\t<div class=\"elementor-element elementor-element-160c4806 cocobasic-left-rigt elementor-widget__width-initial elementor-absolute elementor-widget elementor-widget-image\" data-id=\"160c4806\" data-element_type=\"widget\" data-settings=\"{&quot;_position&quot;:&quot;absolute&quot;}\" data-widget_type=\"image.default\">\n\t\t\t\t<div class=\"elementor-widget-container\">\n\t\t\t\t\t\t\t\t\t\t\t\t\t\t\t<img loading=\"lazy\" decoding=\"async\" width=\"310\" height=\"70\" src=\"https:\/\/poradnictwoiterapia.pl\/wp-content\/uploads\/2020\/08\/zigzag.png\" class=\"attachment-full size-full\" alt=\"\" srcset=\"https:\/\/poradnictwoiterapia.pl\/wp-content\/uploads\/2020\/08\/zigzag.png 310w, https:\/\/poradnictwoiterapia.pl\/wp-content\/uploads\/2020\/08\/zigzag-300x68.png 300w\" sizes=\"auto, (max-width: 310px) 100vw, 310px\" \/>\t\t\t\t\t\t\t\t\t\t\t\t\t\t\t<\/div>\n\t\t\t\t<\/div>\n\t\t\t\t\t<\/div>\n\t\t<\/div>\n\t\t\t\t\t\t\t<\/div>\n\t\t<\/section>\n\t\t\t\t<section class=\"elementor-section elementor-top-section elementor-element elementor-element-3c2f0808 op-section elementor-section-boxed elementor-section-height-default elementor-section-height-default\" data-id=\"3c2f0808\" data-element_type=\"section\" id=\"about\" data-settings=\"{&quot;background_background&quot;:&quot;classic&quot;}\">\n\t\t\t\t\t\t<div class=\"elementor-container elementor-column-gap-no\">\n\t\t\t\t\t<div class=\"elementor-column elementor-col-66 elementor-top-column elementor-element elementor-element-1a7fbc57\" data-id=\"1a7fbc57\" data-element_type=\"column\" data-settings=\"{&quot;background_background&quot;:&quot;classic&quot;}\">\n\t\t\t<div class=\"elementor-widget-wrap elementor-element-populated\">\n\t\t\t\t\t\t\t\t<div class=\"elementor-element elementor-element-35fa5410 elementor-widget elementor-widget-text-editor\" data-id=\"35fa5410\" data-element_type=\"widget\" data-widget_type=\"text-editor.default\">\n\t\t\t\t<div class=\"elementor-widget-container\">\n\t\t\t\t\t\t\t<p>Jestem pedagogiem (stopie\u0144 naukowy doktora) i terapeut\u0105 systemowym (w trakcie procesu certyfikacji). Prowadz\u0119 dzia\u0142alno\u015b\u0107 naukow\u0105 i dydaktyczn\u0105 w zakresie familiologii i pedagogiki oraz dzia\u0142alno\u015b\u0107 poradnicz\u0105 i terapeutyczn\u0105.<\/p>\t\t\t\t\t\t<\/div>\n\t\t\t\t<\/div>\n\t\t\t\t<div class=\"elementor-element elementor-element-53601618 elementor-widget elementor-widget-text-editor\" data-id=\"53601618\" data-element_type=\"widget\" data-widget_type=\"text-editor.default\">\n\t\t\t\t<div class=\"elementor-widget-container\">\n\t\t\t\t\t\t\tW ramach naukowej aktywno\u015bci badawczo-dydaktycznej, kszta\u0142c\u0119 student\u00f3w na kierunkach pedagogicznych oraz na kierunku familiologia. Prowadz\u0119 zaj\u0119cia z zakresu m.in.: pedagogiki rodziny, terapii rodziny, poradnictwa rodzinnego i psychospo\u0142ecznego, komunikacji interpersonalnej, diagnozowania potrzeb i problem\u00f3w rodziny, kompetencji mediator\u00f3w i doradc\u00f3w czy wsp\u00f3\u0142czesnych system\u00f3w i nurt\u00f3w wychowania. W ramach aktywno\u015bci naukowej prowadz\u0119 badania z zakresu teorii wychowania i terapii.<br><br>\n\nW ramach dzia\u0142alno\u015bci poradniczej i terapeutycznej wspieram dzieci, m\u0142odzie\u017c i osoby doros\u0142e. Wiedz\u0119, umiej\u0119tno\u015bci i kwalifikacje zdobywam w Wielkopolskim Towarzystwie Terapii Systemowej oraz systematycznie je poszerzam poprzez udzia\u0142 w szkoleniach i kursach rekomendowanych przez uznane o\u015brodki terapeutyczne.<br><br>\n\nPraca akademicka i terapeutyczna wymagaj\u0105 otwarto\u015bci umys\u0142u, uwa\u017cno\u015bci, troski o warsztat i ustawicznego rozwijania wiedzy i kompetencji. Realizacja tych imperatyw\u00f3w przyczynia si\u0119 do odpowiedzialnego towarzyszenia Klientom w zg\u0142aszanych przez nich trudno\u015bciach.\t\t\t\t\t\t<\/div>\n\t\t\t\t<\/div>\n\t\t\t\t<div class=\"elementor-element elementor-element-8018e24 elementor-widget elementor-widget-menu-anchor\" data-id=\"8018e24\" data-element_type=\"widget\" data-widget_type=\"menu-anchor.default\">\n\t\t\t\t<div class=\"elementor-widget-container\">\n\t\t\t\t\t<div id=\"oferta\" class=\"elementor-menu-anchor\"><\/div>\n\t\t\t\t<\/div>\n\t\t\t\t<\/div>\n\t\t\t\t\t<\/div>\n\t\t<\/div>\n\t\t\t\t<div class=\"elementor-column elementor-col-33 elementor-top-column elementor-element elementor-element-4e2591d8 cocobasic-column-align\" data-id=\"4e2591d8\" data-element_type=\"column\" data-settings=\"{&quot;background_background&quot;:&quot;classic&quot;}\">\n\t\t\t<div class=\"elementor-widget-wrap elementor-element-populated\">\n\t\t\t\t\t\t\t\t<div class=\"elementor-element elementor-element-570ae41d elementor-widget elementor-widget-heading\" data-id=\"570ae41d\" data-element_type=\"widget\" data-widget_type=\"heading.default\">\n\t\t\t\t<div class=\"elementor-widget-container\">\n\t\t\t<h2 class=\"elementor-heading-title elementor-size-default\">O mnie<\/h2>\t\t<\/div>\n\t\t\t\t<\/div>\n\t\t\t\t\t<\/div>\n\t\t<\/div>\n\t\t\t\t\t\t\t<\/div>\n\t\t<\/section>\n\t\t\t\t<section class=\"elementor-section elementor-top-section elementor-element elementor-element-29fd635 op-section elementor-section-boxed elementor-section-height-default elementor-section-height-default\" data-id=\"29fd635\" data-element_type=\"section\" data-settings=\"{&quot;background_background&quot;:&quot;classic&quot;}\">\n\t\t\t\t\t\t<div class=\"elementor-container elementor-column-gap-no\">\n\t\t\t\t\t<div class=\"elementor-column elementor-col-33 elementor-top-column elementor-element elementor-element-edcf52f cocobasic-column-align\" data-id=\"edcf52f\" data-element_type=\"column\" data-settings=\"{&quot;background_background&quot;:&quot;classic&quot;}\">\n\t\t\t<div class=\"elementor-widget-wrap elementor-element-populated\">\n\t\t\t\t\t\t\t\t<div class=\"elementor-element elementor-element-691de43 elementor-widget elementor-widget-heading\" data-id=\"691de43\" data-element_type=\"widget\" data-widget_type=\"heading.default\">\n\t\t\t\t<div class=\"elementor-widget-container\">\n\t\t\t<h2 class=\"elementor-heading-title elementor-size-default\">Oferta<\/h2>\t\t<\/div>\n\t\t\t\t<\/div>\n\t\t\t\t\t<\/div>\n\t\t<\/div>\n\t\t\t\t<div class=\"elementor-column elementor-col-66 elementor-top-column elementor-element elementor-element-463b1f5\" data-id=\"463b1f5\" data-element_type=\"column\" data-settings=\"{&quot;background_background&quot;:&quot;classic&quot;}\">\n\t\t\t<div class=\"elementor-widget-wrap elementor-element-populated\">\n\t\t\t\t\t\t\t\t<div class=\"elementor-element elementor-element-7071a0b elementor-widget elementor-widget-text-editor\" data-id=\"7071a0b\" data-element_type=\"widget\" data-widget_type=\"text-editor.default\">\n\t\t\t\t<div class=\"elementor-widget-container\">\n\t\t\t\t\t\t\tW procesach poradnictwa i terapii wspieram dzieci, m\u0142odzie\u017c i osoby doros\u0142e.\t\t\t\t\t\t<\/div>\n\t\t\t\t<\/div>\n\t\t\t\t<div class=\"elementor-element elementor-element-5b33acd elementor-widget elementor-widget-text-editor\" data-id=\"5b33acd\" data-element_type=\"widget\" data-widget_type=\"text-editor.default\">\n\t\t\t\t<div class=\"elementor-widget-container\">\n\t\t\t\t\t\t\tTowarzysz\u0119 rodzinom do\u015bwiadczaj\u0105cym r\u00f3\u017cnego rodzaju kryzys\u00f3w, trudno\u015bci w budowaniu satysfakcjonuj\u0105cych relacji partnerskich i rodzicielskich, rodzinom w sytuacji rozwodu i rodzinom zrekonstruowanym. Wspieram osoby na r\u00f3\u017cnych etapach \u017cycia w do\u015bwiadczanych trudno\u015bciach, wyzwaniach, w obliczu sytuacji, kt\u00f3re wydaj\u0105 si\u0119 by\u0107 ponad ich si\u0142y lub co do kt\u00f3rych Klienci oczekuj\u0105 zmiany.<br><br>\nPracuj\u0119 w nurcie systemowym. Udzielam wsparcia zar\u00f3wno w obszarze poradnictwa, jak i terapii, kr\u00f3tko- i d\u0142ugoterminowych. Nierzadko nawet kr\u00f3tki kontakt ze wspieraj\u0105cym profesjonalist\u0105 pozwala zobaczy\u0107 w sobie i wok\u00f3\u0142 siebie nowe \u017ar\u00f3d\u0142a si\u0142y i mo\u017cliwo\u015bci.\t\t\t\t\t\t<\/div>\n\t\t\t\t<\/div>\n\t\t\t\t<div class=\"elementor-element elementor-element-8e3b1c7 elementor-widget elementor-widget-menu-anchor\" data-id=\"8e3b1c7\" data-element_type=\"widget\" data-widget_type=\"menu-anchor.default\">\n\t\t\t\t<div class=\"elementor-widget-container\">\n\t\t\t\t\t<div id=\"kontakt\" class=\"elementor-menu-anchor\"><\/div>\n\t\t\t\t<\/div>\n\t\t\t\t<\/div>\n\t\t\t\t\t<\/div>\n\t\t<\/div>\n\t\t\t\t\t\t\t<\/div>\n\t\t<\/section>\n\t\t\t\t<section class=\"elementor-section elementor-top-section elementor-element elementor-element-5fd454b op-section elementor-reverse-mobile elementor-section-boxed elementor-section-height-default elementor-section-height-default\" data-id=\"5fd454b\" data-element_type=\"section\" id=\"contact\" data-settings=\"{&quot;background_background&quot;:&quot;classic&quot;}\">\n\t\t\t\t\t\t<div class=\"elementor-container elementor-column-gap-no\">\n\t\t\t\t\t<div class=\"elementor-column elementor-col-66 elementor-top-column elementor-element elementor-element-e295157\" data-id=\"e295157\" data-element_type=\"column\" data-settings=\"{&quot;background_background&quot;:&quot;classic&quot;}\">\n\t\t\t<div class=\"elementor-widget-wrap elementor-element-populated\">\n\t\t\t\t\t\t\t\t<div class=\"elementor-element elementor-element-6527f1b elementor-widget elementor-widget-text-editor\" data-id=\"6527f1b\" data-element_type=\"widget\" data-widget_type=\"text-editor.default\">\n\t\t\t\t<div class=\"elementor-widget-container\">\n\t\t\t\t\t\t\tZapraszam do kontaktu\t\t\t\t\t\t<\/div>\n\t\t\t\t<\/div>\n\t\t\t\t<section class=\"elementor-section elementor-inner-section elementor-element elementor-element-3918d33 elementor-section-boxed elementor-section-height-default elementor-section-height-default\" data-id=\"3918d33\" data-element_type=\"section\">\n\t\t\t\t\t\t<div class=\"elementor-container elementor-column-gap-default\">\n\t\t\t\t\t<div class=\"elementor-column elementor-col-50 elementor-inner-column elementor-element elementor-element-b982203\" data-id=\"b982203\" data-element_type=\"column\">\n\t\t\t<div class=\"elementor-widget-wrap elementor-element-populated\">\n\t\t\t\t\t\t\t\t<div class=\"elementor-element elementor-element-b578636 elementor-widget elementor-widget-button\" data-id=\"b578636\" data-element_type=\"widget\" data-widget_type=\"button.default\">\n\t\t\t\t<div class=\"elementor-widget-container\">\n\t\t\t\t\t<div class=\"elementor-button-wrapper\">\n\t\t\t<a href=\"tel:504953595\" class=\"elementor-button-link elementor-button elementor-size-sm\" role=\"button\">\n\t\t\t\t\t\t<span class=\"elementor-button-content-wrapper\">\n\t\t\t\t\t\t<span class=\"elementor-button-text\">Zadzwo\u0144: 504 95 35 95 <\/span>\n\t\t<\/span>\n\t\t\t\t\t<\/a>\n\t\t<\/div>\n\t\t\t\t<\/div>\n\t\t\t\t<\/div>\n\t\t\t\t\t<\/div>\n\t\t<\/div>\n\t\t\t\t<div class=\"elementor-column elementor-col-50 elementor-inner-column elementor-element elementor-element-7fa077f\" data-id=\"7fa077f\" data-element_type=\"column\">\n\t\t\t<div class=\"elementor-widget-wrap elementor-element-populated\">\n\t\t\t\t\t\t\t\t<div class=\"elementor-element elementor-element-87a5338 elementor-widget elementor-widget-button\" data-id=\"87a5338\" data-element_type=\"widget\" data-widget_type=\"button.default\">\n\t\t\t\t<div class=\"elementor-widget-container\">\n\t\t\t\t\t<div class=\"elementor-button-wrapper\">\n\t\t\t<a href=\"mailto:kontakt@poradnictwoiterapia.pl%20\" class=\"elementor-button-link elementor-button elementor-size-sm\" role=\"button\">\n\t\t\t\t\t\t<span class=\"elementor-button-content-wrapper\">\n\t\t\t\t\t\t<span class=\"elementor-button-text\">Wy\u015blij e-mail<\/span>\n\t\t<\/span>\n\t\t\t\t\t<\/a>\n\t\t<\/div>\n\t\t\t\t<\/div>\n\t\t\t\t<\/div>\n\t\t\t\t\t<\/div>\n\t\t<\/div>\n\t\t\t\t\t\t\t<\/div>\n\t\t<\/section>\n\t\t\t\t\t<\/div>\n\t\t<\/div>\n\t\t\t\t<div class=\"elementor-column elementor-col-33 elementor-top-column elementor-element elementor-element-b1fdfa8 cocobasic-column-align\" data-id=\"b1fdfa8\" data-element_type=\"column\" data-settings=\"{&quot;background_background&quot;:&quot;classic&quot;}\">\n\t\t\t<div class=\"elementor-widget-wrap elementor-element-populated\">\n\t\t\t\t\t\t\t\t<div class=\"elementor-element elementor-element-023d7f4 elementor-widget elementor-widget-heading\" data-id=\"023d7f4\" data-element_type=\"widget\" data-widget_type=\"heading.default\">\n\t\t\t\t<div class=\"elementor-widget-container\">\n\t\t\t<h2 class=\"elementor-heading-title elementor-size-default\">Kontakt<\/h2>\t\t<\/div>\n\t\t\t\t<\/div>\n\t\t\t\t<div class=\"elementor-element elementor-element-cfdb3c9 cocobasic-rotate elementor-widget__width-initial elementor-absolute elementor-widget elementor-widget-image\" data-id=\"cfdb3c9\" data-element_type=\"widget\" data-settings=\"{&quot;_position&quot;:&quot;absolute&quot;}\" data-widget_type=\"image.default\">\n\t\t\t\t<div class=\"elementor-widget-container\">\n\t\t\t\t\t\t\t\t\t\t\t\t\t\t\t<img loading=\"lazy\" decoding=\"async\" width=\"220\" height=\"220\" src=\"https:\/\/poradnictwoiterapia.pl\/wp-content\/uploads\/2020\/08\/square.png\" class=\"attachment-full size-full\" alt=\"\" srcset=\"https:\/\/poradnictwoiterapia.pl\/wp-content\/uploads\/2020\/08\/square.png 220w, https:\/\/poradnictwoiterapia.pl\/wp-content\/uploads\/2020\/08\/square-150x150.png 150w\" sizes=\"auto, (max-width: 220px) 100vw, 220px\" \/>\t\t\t\t\t\t\t\t\t\t\t\t\t\t\t<\/div>\n\t\t\t\t<\/div>\n\t\t\t\t\t<\/div>\n\t\t<\/div>\n\t\t\t\t\t\t\t<\/div>\n\t\t<\/section>\n\t\t\t\t\t\t<\/div>\n\t\t\t\t\t<\/div>\n\t\t","protected":false},"excerpt":{"rendered":"<p>Poradnictwo i terapia Ewa Rojewska terapeuta, pedagog Jestem pedagogiem (stopie\u0144 naukowy doktora) i terapeut\u0105 systemowym (w trakcie procesu certyfikacji). Prowadz\u0119 dzia\u0142alno\u015b\u0107 naukow\u0105 i dydaktyczn\u0105 w zakresie familiologii i pedagogiki oraz dzia\u0142alno\u015b\u0107 poradnicz\u0105 i terapeutyczn\u0105. W ramach naukowej aktywno\u015bci badawczo-dydaktycznej, kszta\u0142c\u0119 student\u00f3w na kierunkach pedagogicznych oraz na kierunku familiologia. Prowadz\u0119 zaj\u0119cia z zakresu m.in.: pedagogiki rodziny, [&hellip;]<\/p>\n","protected":false},"author":1,"featured_media":0,"parent":0,"menu_order":0,"comment_status":"closed","ping_status":"closed","template":"onepage.php","meta":{"footnotes":""},"class_list":["post-181","page","type-page","status-publish","hentry"],"_links":{"self":[{"href":"https:\/\/poradnictwoiterapia.pl\/index.php\/wp-json\/wp\/v2\/pages\/181","targetHints":{"allow":["GET"]}}],"collection":[{"href":"https:\/\/poradnictwoiterapia.pl\/index.php\/wp-json\/wp\/v2\/pages"}],"about":[{"href":"https:\/\/poradnictwoiterapia.pl\/index.php\/wp-json\/wp\/v2\/types\/page"}],"author":[{"embeddable":true,"href":"https:\/\/poradnictwoiterapia.pl\/index.php\/wp-json\/wp\/v2\/users\/1"}],"replies":[{"embeddable":true,"href":"https:\/\/poradnictwoiterapia.pl\/index.php\/wp-json\/wp\/v2\/comments?post=181"}],"version-history":[{"count":38,"href":"https:\/\/poradnictwoiterapia.pl\/index.php\/wp-json\/wp\/v2\/pages\/181\/revisions"}],"predecessor-version":[{"id":726,"href":"https:\/\/poradnictwoiterapia.pl\/index.php\/wp-json\/wp\/v2\/pages\/181\/revisions\/726"}],"wp:attachment":[{"href":"https:\/\/poradnictwoiterapia.pl\/index.php\/wp-json\/wp\/v2\/media?parent=181"}],"curies":[{"name":"wp","href":"https:\/\/api.w.org\/{rel}","templated":true}]}}